{"id":50,"date":"2018-01-29T10:42:30","date_gmt":"2018-01-29T10:42:30","guid":{"rendered":"https:\/\/themes.themeenergy.com\/bookyourtravel\/rent-a-car-premium\/?page_id=50"},"modified":"2025-02-22T00:05:34","modified_gmt":"2025-02-21T23:05:34","slug":"fleet","status":"publish","type":"page","link":"https:\/\/www.nedroloc.com\/?page_id=50","title":{"rendered":"V\u00e9hicules"},"content":{"rendered":"<div class=\"wpb-content-wrapper\"><p>[vc_row][vc_column]<div class=\"widget widget-sidebar \"><div class=\"s-title\"><h2>Location Auto \u00e0 Tlemcen \u2013 D\u00e9couvrez Nos Mod\u00e8les Disponibles<\/h2><\/div><p>Malheureusement, pas de location de voitures ont \u00e9t\u00e9 trouv\u00e9s.<\/p><\/div>[\/vc_column][\/vc_row]<\/p>\n<\/div>","protected":false},"excerpt":{"rendered":"<p>[vc_row][vc_column][\/vc_column][\/vc_row]<\/p>\n","protected":false},"author":1,"featured_media":0,"parent":0,"menu_order":0,"comment_status":"closed","ping_status":"closed","template":"page-custom-search-results.php","meta":{"om_disable_all_campaigns":false,"_monsterinsights_skip_tracking":false,"_monsterinsights_sitenote_active":false,"_monsterinsights_sitenote_note":"","_monsterinsights_sitenote_category":0,"footnotes":""},"class_list":["post-50","page","type-page","status-publish","hentry"],"aioseo_notices":[],"_links":{"self":[{"href":"https:\/\/www.nedroloc.com\/index.php?rest_route=\/wp\/v2\/pages\/50","targetHints":{"allow":["GET"]}}],"collection":[{"href":"https:\/\/www.nedroloc.com\/index.php?rest_route=\/wp\/v2\/pages"}],"about":[{"href":"https:\/\/www.nedroloc.com\/index.php?rest_route=\/wp\/v2\/types\/page"}],"author":[{"embeddable":true,"href":"https:\/\/www.nedroloc.com\/index.php?rest_route=\/wp\/v2\/users\/1"}],"replies":[{"embeddable":true,"href":"https:\/\/www.nedroloc.com\/index.php?rest_route=%2Fwp%2Fv2%2Fcomments&post=50"}],"version-history":[{"count":3,"href":"https:\/\/www.nedroloc.com\/index.php?rest_route=\/wp\/v2\/pages\/50\/revisions"}],"predecessor-version":[{"id":781,"href":"https:\/\/www.nedroloc.com\/index.php?rest_route=\/wp\/v2\/pages\/50\/revisions\/781"}],"wp:attachment":[{"href":"https:\/\/www.nedroloc.com\/index.php?rest_route=%2Fwp%2Fv2%2Fmedia&parent=50"}],"curies":[{"name":"wp","href":"https:\/\/api.w.org\/{rel}","templated":true}]}}