{"id":443,"date":"2019-03-19T12:41:36","date_gmt":"2019-03-19T12:41:36","guid":{"rendered":"https:\/\/themes.themeenergy.com\/bookyourtravel\/rent-a-car-premium-premium\/?page_id=443"},"modified":"2025-07-28T19:17:34","modified_gmt":"2025-07-28T17:17:34","slug":"rent-a-car-premium-home","status":"publish","type":"page","link":"https:\/\/www.nedroloc.com\/","title":{"rendered":"Nedroloc"},"content":{"rendered":"<div class=\"wpb-content-wrapper\">\t\t<div data-elementor-type=\"wp-page\" data-elementor-id=\"443\" class=\"elementor elementor-443\">\n\t\t\t\t<div class=\"elementor-element elementor-element-7083d810 e-flex e-con-boxed e-con e-parent\" data-id=\"7083d810\" data-element_type=\"container\">\n\t\t\t\t\t<div class=\"e-con-inner\">\n\t\t\t\t<div class=\"elementor-element elementor-element-4a8a47dc elementor-widget elementor-widget-text-editor\" data-id=\"4a8a47dc\" data-element_type=\"widget\" data-widget_type=\"text-editor.default\">\n\t\t\t\t<div class=\"elementor-widget-container\">\n\t\t\t\t\t\t\t\t\t[vc_row full_width=\u00a0\u00bbstretch_row\u00a0\u00bb css=\u00a0\u00bb.vc_custom_1553009024703{background-color: #ffffff !important;}\u00a0\u00bb][vc_column][vc_custom_heading text=\u00a0\u00bbD\u00c9COUVREZ NOTRE VASTE GAMME DE V\u00c9HICULES &#8211; Veuillez noter que les prix peuvent varier en fonction de la disponibilit\u00e9 et de la saison\u00a0\u00bb font_container=\u00a0\u00bbtag:h1|font_size:33px|text_align:center\u00a0\u00bb use_theme_fonts=\u00a0\u00bbyes\u00a0\u00bb css=\u00a0\u00bb.vc_custom_1712836332781{margin-top: 50px !important;margin-bottom: 20px !important;}\u00a0\u00bb][\/vc_column][\/vc_row][vc_row full_width=\u00a0\u00bbstretch_row\u00a0\u00bb css=\u00a0\u00bb.vc_custom_1553009532389{padding-bottom: 50px !important;background-color: #ffffff !important;}\u00a0\u00bb][vc_column width=\u00a0\u00bb1\/3&Prime; css=\u00a0\u00bb.vc_custom_1553009235452{padding-top: 0px !important;}\u00a0\u00bb][vc_single_image image=\u00a0\u00bb590&Prime; img_size=\u00a0\u00bbfull\u00a0\u00bb alignment=\u00a0\u00bbcenter\u00a0\u00bb css=\u00a0\u00bb.vc_custom_1707152483102{margin-bottom: 0px !important;}\u00a0\u00bb][vc_row_inner css=\u00a0\u00bb.vc_custom_1553009321046{padding-top: 0px !important;padding-right: 15px !important;padding-bottom: 15px !important;padding-left: 15px !important;}\u00a0\u00bb][vc_column_inner width=\u00a0\u00bb1\/2&Prime;][vc_custom_heading text=\u00a0\u00bbFiat Tipo City 2023 &#8211; Bo\u00eete Automatique &#8211; Gris souris\u00a0\u00bb font_container=\u00a0\u00bbtag:h2|font_size:20px|text_align:left\u00a0\u00bb use_theme_fonts=\u00a0\u00bbyes\u00a0\u00bb css=\u00a0\u00bb.vc_custom_1707122754345{margin-bottom: 0px !important;padding-bottom: 0px !important;}\u00a0\u00bb][vc_custom_heading text=\u00a0\u00bb10 000 DA \/ jour &#8211; Prix d\u00e9gressif \u00e0 partir de 10 jours\u00a0\u00bb font_container=\u00a0\u00bbtag:p|font_size:14px|text_align:left|color:%23858585&Prime; use_theme_fonts=\u00a0\u00bbyes\u00a0\u00bb][\/vc_column_inner][vc_column_inner width=\u00a0\u00bb1\/2&Prime;][vc_btn title=\u00a0\u00bbR\u00e9servez maintenant\u00a0\u00bb style=\u00a0\u00bbgradient-custom\u00a0\u00bb gradient_custom_color_1=\u00a0\u00bb#607d8b\u00a0\u00bb gradient_custom_color_2=\u00a0\u00bb#607d8b\u00a0\u00bb size=\u00a0\u00bbsm\u00a0\u00bb align=\u00a0\u00bbright\u00a0\u00bb link=\u00a0\u00bburl:https%3A%2F%2Fwww.nedroloc.com%2F%3Fcar_rental%3Dhyundai-i30&Prime;][\/vc_column_inner][\/vc_row_inner][vc_zigzag][\/vc_column][vc_column width=\u00a0\u00bb1\/3&Prime; css=\u00a0\u00bb.vc_custom_1553009247785{padding-top: 0px !important;}\u00a0\u00bb][vc_single_image image=\u00a0\u00bb573&Prime; img_size=\u00a0\u00bbfull\u00a0\u00bb alignment=\u00a0\u00bbcenter\u00a0\u00bb css=\u00a0\u00bb.vc_custom_1707151729057{margin-bottom: 0px !important;}\u00a0\u00bb][vc_row_inner css=\u00a0\u00bb.vc_custom_1553009349580{padding-top: 0px !important;padding-right: 15px !important;padding-bottom: 15px !important;padding-left: 15px !important;}\u00a0\u00bb][vc_column_inner width=\u00a0\u00bb1\/2&Prime;][vc_custom_heading text=\u00a0\u00bbDacia Stepway 2023 &#8211; Bo\u00eete manuelle\u00a0\u00bb font_container=\u00a0\u00bbtag:h2|font_size:20px|text_align:left\u00a0\u00bb use_theme_fonts=\u00a0\u00bbyes\u00a0\u00bb css=\u00a0\u00bb.vc_custom_1707122563463{margin-bottom: 0px !important;padding-bottom: 0px !important;}\u00a0\u00bb][vc_custom_heading text=\u00a0\u00bb10 000 DA \/ Jour &#8211; Prix d\u00e9gressif \u00e0 partir de 10 jours\u00a0\u00bb font_container=\u00a0\u00bbtag:p|font_size:14px|text_align:left|color:%23858585&Prime; use_theme_fonts=\u00a0\u00bbyes\u00a0\u00bb][\/vc_column_inner][vc_column_inner width=\u00a0\u00bb1\/2&Prime;][vc_btn title=\u00a0\u00bbR\u00e9servez maintenant\u00a0\u00bb style=\u00a0\u00bbgradient-custom\u00a0\u00bb gradient_custom_color_1=\u00a0\u00bb#607d8b\u00a0\u00bb gradient_custom_color_2=\u00a0\u00bb#607d8b\u00a0\u00bb size=\u00a0\u00bbsm\u00a0\u00bb align=\u00a0\u00bbright\u00a0\u00bb link=\u00a0\u00bburl:https%3A%2F%2Fwww.nedroloc.com%2F%3Fcar_rental%3Dfiat-500&Prime;][\/vc_column_inner][\/vc_row_inner][vc_zigzag][\/vc_column][vc_column width=\u00a0\u00bb1\/3&Prime; css=\u00a0\u00bb.vc_custom_1553009257634{padding-top: 0px !important;}\u00a0\u00bb][vc_single_image image=\u00a0\u00bb592&Prime; img_size=\u00a0\u00bbfull\u00a0\u00bb alignment=\u00a0\u00bbcenter\u00a0\u00bb css=\u00a0\u00bb.vc_custom_1707151737469{margin-bottom: 0px !important;}\u00a0\u00bb][vc_row_inner css=\u00a0\u00bb.vc_custom_1553009364666{padding-top: 0px !important;padding-right: 15px !important;padding-bottom: 15px !important;padding-left: 15px !important;}\u00a0\u00bb][vc_column_inner width=\u00a0\u00bb1\/2&Prime;][vc_custom_heading text=\u00a0\u00bbFiat Tipa City 2023 &#8211; Bo\u00eete Automatique &#8211; Blanc\u00a0\u00bb font_container=\u00a0\u00bbtag:h2|font_size:20px|text_align:left\u00a0\u00bb use_theme_fonts=\u00a0\u00bbyes\u00a0\u00bb css=\u00a0\u00bb.vc_custom_1707122857892{margin-bottom: 0px !important;padding-bottom: 0px !important;}\u00a0\u00bb][vc_custom_heading text=\u00a0\u00bb10 000 DA \/ jour &#8211; Prix d\u00e9gressif \u00e0 partir de 10 jours\u00a0\u00bb font_container=\u00a0\u00bbtag:p|font_size:14px|text_align:left|color:%23858585&Prime; use_theme_fonts=\u00a0\u00bbyes\u00a0\u00bb][\/vc_column_inner][vc_column_inner width=\u00a0\u00bb1\/2&Prime;][vc_btn title=\u00a0\u00bbR\u00e9servez maintenant\u00a0\u00bb style=\u00a0\u00bbgradient-custom\u00a0\u00bb gradient_custom_color_1=\u00a0\u00bb#607d8b\u00a0\u00bb gradient_custom_color_2=\u00a0\u00bb#607d8b\u00a0\u00bb size=\u00a0\u00bbsm\u00a0\u00bb align=\u00a0\u00bbright\u00a0\u00bb link=\u00a0\u00bburl:https%3A%2F%2Fwww.nedroloc.com%2F%3Fcar_rental%3Dskoda-octavia\u00a0\u00bb][\/vc_column_inner][\/vc_row_inner][vc_zigzag][\/vc_column][\/vc_row][vc_row full_width=\u00a0\u00bbstretch_row\u00a0\u00bb css=\u00a0\u00bb.vc_custom_1553009532389{padding-bottom: 50px !important;background-color: #ffffff !important;}\u00a0\u00bb][vc_column width=\u00a0\u00bb1\/3&Prime; css=\u00a0\u00bb.vc_custom_1553009235452{padding-top: 0px !important;}\u00a0\u00bb][vc_single_image image=\u00a0\u00bb772&Prime; img_size=\u00a0\u00bbfull\u00a0\u00bb alignment=\u00a0\u00bbcenter\u00a0\u00bb css=\u00a0\u00bb.vc_custom_1741417824049{margin-bottom: 0px !important;}\u00a0\u00bb][vc_row_inner css=\u00a0\u00bb.vc_custom_1553009321046{padding-top: 0px !important;padding-right: 15px !important;padding-bottom: 15px !important;padding-left: 15px !important;}\u00a0\u00bb][vc_column_inner width=\u00a0\u00bb1\/2&Prime;][vc_custom_heading text=\u00a0\u00bbFiat 500 x Cult 2024 &#8211; Bo\u00eete Automatique &#8211; Gris souris\u00a0\u00bb font_container=\u00a0\u00bbtag:h2|font_size:20px|text_align:left\u00a0\u00bb use_theme_fonts=\u00a0\u00bbyes\u00a0\u00bb css=\u00a0\u00bb.vc_custom_1740047553759{margin-bottom: 0px !important;padding-bottom: 0px !important;}\u00a0\u00bb][vc_custom_heading text=\u00a0\u00bb10 000 DA \/ jour &#8211; Prix d\u00e9gressif \u00e0 partir de 10 jours\u00a0\u00bb font_container=\u00a0\u00bbtag:p|font_size:14px|text_align:left|color:%23858585&Prime; use_theme_fonts=\u00a0\u00bbyes\u00a0\u00bb][\/vc_column_inner][vc_column_inner width=\u00a0\u00bb1\/2&Prime;][vc_btn title=\u00a0\u00bbR\u00e9servez maintenant\u00a0\u00bb style=\u00a0\u00bbgradient-custom\u00a0\u00bb gradient_custom_color_1=\u00a0\u00bb#607d8b\u00a0\u00bb gradient_custom_color_2=\u00a0\u00bb#607d8b\u00a0\u00bb size=\u00a0\u00bbsm\u00a0\u00bb align=\u00a0\u00bbright\u00a0\u00bb link=\u00a0\u00bburl:https%3A%2F%2Fwww.nedroloc.com%2F%3Fcar_rental%3Dfiat-500-2&Prime;][\/vc_column_inner][\/vc_row_inner][vc_zigzag][\/vc_column][vc_column width=\u00a0\u00bb1\/3&Prime; css=\u00a0\u00bb.vc_custom_1553009247785{padding-top: 0px !important;}\u00a0\u00bb][vc_single_image image=\u00a0\u00bb759&Prime; img_size=\u00a0\u00bb\u00a0\u00bb][vc_single_image image=\u00a0\u00bb727&Prime; img_size=\u00a0\u00bbfull\u00a0\u00bb alignment=\u00a0\u00bbcenter\u00a0\u00bb css=\u00a0\u00bb.vc_custom_1740047634691{margin-bottom: 0px !important;}\u00a0\u00bb][vc_row_inner css=\u00a0\u00bb.vc_custom_1553009349580{padding-top: 0px !important;padding-right: 15px !important;padding-bottom: 15px !important;padding-left: 15px !important;}\u00a0\u00bb][vc_column_inner width=\u00a0\u00bb1\/2&Prime;][vc_custom_heading text=\u00a0\u00bbDacia jogger extreme+ &#8211; mod\u00e8le 2023 &#8211; Bo\u00eete manuelle\u00a0\u00bb font_container=\u00a0\u00bbtag:h2|font_size:20px|text_align:left\u00a0\u00bb use_theme_fonts=\u00a0\u00bbyes\u00a0\u00bb css=\u00a0\u00bb.vc_custom_1740047685645{margin-bottom: 0px !important;padding-bottom: 0px !important;}\u00a0\u00bb][vc_custom_heading text=\u00a0\u00bb12 000 DA \/ Jour &#8211; Prix d\u00e9gressif \u00e0 partir de 10 jours\u00a0\u00bb font_container=\u00a0\u00bbtag:p|font_size:14px|text_align:left|color:%23858585&Prime; use_theme_fonts=\u00a0\u00bbyes\u00a0\u00bb][\/vc_column_inner][vc_column_inner width=\u00a0\u00bb1\/2&Prime;][vc_btn title=\u00a0\u00bbR\u00e9servez maintenant\u00a0\u00bb style=\u00a0\u00bbgradient-custom\u00a0\u00bb gradient_custom_color_1=\u00a0\u00bb#607d8b\u00a0\u00bb gradient_custom_color_2=\u00a0\u00bb#607d8b\u00a0\u00bb size=\u00a0\u00bbsm\u00a0\u00bb align=\u00a0\u00bbright\u00a0\u00bb link=\u00a0\u00bburl:https%3A%2F%2Fwww.nedroloc.com%2F%3Fcar_rental%3Ddacia-jogger-1-0-tce-extreme\u00a0\u00bb][\/vc_column_inner][\/vc_row_inner][vc_zigzag][\/vc_column][vc_column width=\u00a0\u00bb1\/3&Prime; css=\u00a0\u00bb.vc_custom_1553009257634{padding-top: 0px !important;}\u00a0\u00bb][vc_single_image image=\u00a0\u00bb701&Prime; img_size=\u00a0\u00bbfull\u00a0\u00bb alignment=\u00a0\u00bbcenter\u00a0\u00bb css=\u00a0\u00bb.vc_custom_1740047751380{margin-bottom: 0px !important;}\u00a0\u00bb][vc_row_inner css=\u00a0\u00bb.vc_custom_1553009364666{padding-top: 0px !important;padding-right: 15px !important;padding-bottom: 15px !important;padding-left: 15px !important;}\u00a0\u00bb][vc_column_inner width=\u00a0\u00bb1\/2&Prime;][vc_custom_heading text=\u00a0\u00bbGrand Scenic 2011 Diesel &#8211; Bo\u00eete Manuelle &#8211; Couleur bleu gris\u00a0\u00bb font_container=\u00a0\u00bbtag:h2|font_size:20px|text_align:left\u00a0\u00bb use_theme_fonts=\u00a0\u00bbyes\u00a0\u00bb css=\u00a0\u00bb.vc_custom_1740047810969{margin-bottom: 0px !important;padding-bottom: 0px !important;}\u00a0\u00bb][vc_custom_heading text=\u00a0\u00bb7500 DA \/ jour &#8211; Prix d\u00e9gressif \u00e0 partir de 10 jours\u00a0\u00bb font_container=\u00a0\u00bbtag:p|font_size:14px|text_align:left|color:%23858585&Prime; use_theme_fonts=\u00a0\u00bbyes\u00a0\u00bb][\/vc_column_inner][vc_column_inner width=\u00a0\u00bb1\/2&Prime;][vc_btn title=\u00a0\u00bbR\u00e9servez maintenant\u00a0\u00bb style=\u00a0\u00bbgradient-custom\u00a0\u00bb gradient_custom_color_1=\u00a0\u00bb#607d8b\u00a0\u00bb gradient_custom_color_2=\u00a0\u00bb#607d8b\u00a0\u00bb size=\u00a0\u00bbsm\u00a0\u00bb align=\u00a0\u00bbright\u00a0\u00bb link=\u00a0\u00bburl:https%3A%2F%2Fwww.nedroloc.com%2F%3Fcar_rental%3Dhyundai-i30-2&Prime;][\/vc_column_inner][\/vc_row_inner][vc_zigzag][\/vc_column][\/vc_row][vc_row full_width=\u00a0\u00bbstretch_row\u00a0\u00bb css=\u00a0\u00bb.vc_custom_1707124711002{padding-top: 30px !important;padding-bottom: 60px !important;background-color: #ffffff !important;}\u00a0\u00bb][vc_column width=\u00a0\u00bb1\/3&Prime;][vc_single_image image=\u00a0\u00bb632&Prime; img_size=\u00a0\u00bb180&#215;180&Prime; alignment=\u00a0\u00bbcenter\u00a0\u00bb][vc_zigzag][vc_empty_space][vc_custom_heading text=\u00a0\u00bbLivraison aux a\u00e9roports :\r\n\r\nNous rendons votre arriv\u00e9e plus confortable en offrant des services de livraison directement aux a\u00e9roports de Tlemcen et d&rsquo;Oran. \u00c9conomisez du temps et commencez votre aventure d\u00e8s votre descente d&rsquo;avion.\u00a0\u00bb font_container=\u00a0\u00bbtag:h2|font_size:16|text_align:left\u00a0\u00bb google_fonts=\u00a0\u00bbfont_family:Nunito%3A300%2Cregular%2C700|font_style:700%20bold%20regular%3A700%3Anormal\u00a0\u00bb][\/vc_column][vc_column width=\u00a0\u00bb1\/3&Prime;][vc_single_image image=\u00a0\u00bb631&Prime; img_size=\u00a0\u00bb180&#215;180&Prime; alignment=\u00a0\u00bbcenter\u00a0\u00bb][vc_zigzag][vc_empty_space][vc_custom_heading text=\u00a0\u00bbTarifs comp\u00e9titifs :\r\n\r\nProfitez de nos tarifs comp\u00e9titifs pour une location abordable sans compromis sur la qualit\u00e9. Les prix sont d\u00e9gressifs.\u00a0\u00bb font_container=\u00a0\u00bbtag:h2|font_size:16|text_align:left\u00a0\u00bb google_fonts=\u00a0\u00bbfont_family:Nunito%3A300%2Cregular%2C700|font_style:700%20bold%20regular%3A700%3Anormal\u00a0\u00bb][\/vc_column][vc_column width=\u00a0\u00bb1\/3&Prime;][vc_single_image image=\u00a0\u00bb630&Prime; img_size=\u00a0\u00bb180&#215;180&Prime; alignment=\u00a0\u00bbcenter\u00a0\u00bb][vc_zigzag][vc_empty_space][vc_custom_heading text=\u00a0\u00bbService client d\u00e9vou\u00e9 :\r\n\r\nNotre \u00e9quipe est l\u00e0 pour vous guider \u00e0 travers le processus de location, r\u00e9pondre \u00e0 toutes vos questions et vous assurer une exp\u00e9rience sans stress.\u00a0\u00bb font_container=\u00a0\u00bbtag:h2|font_size:16|text_align:left\u00a0\u00bb google_fonts=\u00a0\u00bbfont_family:Nunito%3A300%2Cregular%2C700|font_style:700%20bold%20regular%3A700%3Anormal\u00a0\u00bb][\/vc_column][\/vc_row][vc_row][vc_column width=\u00a0\u00bb1\/3&Prime;][vc_single_image image=\u00a0\u00bb652&Prime; img_size=\u00a0\u00bb180&#215;180&Prime; alignment=\u00a0\u00bbcenter\u00a0\u00bb][vc_zigzag][vc_empty_space][vc_custom_heading text=\u00a0\u00bbR\u00e9servation en ligne facile :\r\n\r\nSimplifiez votre voyage avec notre processus de r\u00e9servation en ligne convivial. Quelques clics suffisent pour r\u00e9server la voiture parfaite, vous laissant plus de temps pour planifier votre aventure\u00a0\u00bb font_container=\u00a0\u00bbtag:h2|font_size:16|text_align:left\u00a0\u00bb google_fonts=\u00a0\u00bbfont_family:Nunito%3A300%2Cregular%2C700|font_style:700%20bold%20regular%3A700%3Anormal\u00a0\u00bb][\/vc_column][vc_column width=\u00a0\u00bb1\/3&Prime;][vc_single_image image=\u00a0\u00bb654&Prime; img_size=\u00a0\u00bb180&#215;180&Prime; alignment=\u00a0\u00bbcenter\u00a0\u00bb][vc_zigzag][vc_empty_space][vc_custom_heading text=\u00a0\u00bbAssistance Client\u00e8le 24\/7 :\r\n\r\nVotre satisfaction est notre priorit\u00e9. Notre \u00e9quipe d\u00e9vou\u00e9e est disponible 24\/7 pour r\u00e9pondre \u00e0 vos questions, r\u00e9soudre vos probl\u00e8mes et garantir une exp\u00e9rience\u00a0\u00bb font_container=\u00a0\u00bbtag:h2|font_size:16|text_align:left\u00a0\u00bb google_fonts=\u00a0\u00bbfont_family:Nunito%3A300%2Cregular%2C700|font_style:700%20bold%20regular%3A700%3Anormal\u00a0\u00bb][\/vc_column][vc_column width=\u00a0\u00bb1\/3&Prime;][vc_single_image image=\u00a0\u00bb655&Prime; img_size=\u00a0\u00bb180&#215;180&Prime; alignment=\u00a0\u00bbcenter\u00a0\u00bb][vc_zigzag][vc_empty_space][vc_custom_heading text=\u00a0\u00bbVoitures de Qualit\u00e9 Sup\u00e9rieure :\r\n\r\nVoyagez avec style et confiance gr\u00e2ce \u00e0 notre flotte de voitures de qualit\u00e9 sup\u00e9rieure. Chez Nedroloc, nous mettons \u00e0 votre disposition des v\u00e9hicules modernes, bien entretenus et \u00e9quip\u00e9s, assurant un voyage s\u00fbr et confortable \u00e0 chaque location.\u00a0\u00bb font_container=\u00a0\u00bbtag:h2|font_size:16|text_align:left\u00a0\u00bb google_fonts=\u00a0\u00bbfont_family:Nunito%3A300%2Cregular%2C700|font_style:700%20bold%20regular%3A700%3Anormal\u00a0\u00bb][\/vc_column][\/vc_row]\t\t\t\t\t\t\t\t<\/div>\n\t\t\t\t<\/div>\n\t\t\t\t\t<\/div>\n\t\t\t\t<\/div>\n\t\t\t\t<\/div>\n\t\t<\/div>","protected":false},"excerpt":{"rendered":"<p>[vc_row full_width=\u00a0\u00bbstretch_row\u00a0\u00bb css=\u00a0\u00bb.vc_custom_1553009024703{background-color: #ffffff !important;}\u00a0\u00bb][vc_column][vc_custom_heading text=\u00a0\u00bbD\u00c9COUVREZ NOTRE VASTE GAMME DE V\u00c9HICULES &#8211; Veuillez noter que les prix peuvent varier en fonction de la disponibilit\u00e9 et de la saison\u00a0\u00bb font_container=\u00a0\u00bbtag:h1|font_size:33px|text_align:center\u00a0\u00bb use_theme_fonts=\u00a0\u00bbyes\u00a0\u00bb css=\u00a0\u00bb.vc_custom_1712836332781{margin-top: 50px !important;margin-bottom: 20px !important;}\u00a0\u00bb][\/vc_column][\/vc_row][vc_row full_width=\u00a0\u00bbstretch_row\u00a0\u00bb css=\u00a0\u00bb.vc_custom_1553009532389{padding-bottom: 50px !important;background-color: #ffffff !important;}\u00a0\u00bb][vc_column width=\u00a0\u00bb1\/3&Prime; css=\u00a0\u00bb.vc_custom_1553009235452{padding-top: 0px !important;}\u00a0\u00bb][vc_single_image image=\u00a0\u00bb590&Prime; img_size=\u00a0\u00bbfull\u00a0\u00bb alignment=\u00a0\u00bbcenter\u00a0\u00bb css=\u00a0\u00bb.vc_custom_1707152483102{margin-bottom: 0px !important;}\u00a0\u00bb][vc_row_inner css=\u00a0\u00bb.vc_custom_1553009321046{padding-top: 0px !important;padding-right: 15px [&hellip;]<\/p>\n","protected":false},"author":1,"featured_media":0,"parent":0,"menu_order":0,"comment_status":"closed","ping_status":"closed","template":"byt_home.php","meta":{"om_disable_all_campaigns":false,"_monsterinsights_skip_tracking":false,"_monsterinsights_sitenote_active":false,"_monsterinsights_sitenote_note":"","_monsterinsights_sitenote_category":0,"footnotes":""},"class_list":["post-443","page","type-page","status-publish","hentry"],"aioseo_notices":[],"_links":{"self":[{"href":"https:\/\/www.nedroloc.com\/index.php?rest_route=\/wp\/v2\/pages\/443","targetHints":{"allow":["GET"]}}],"collection":[{"href":"https:\/\/www.nedroloc.com\/index.php?rest_route=\/wp\/v2\/pages"}],"about":[{"href":"https:\/\/www.nedroloc.com\/index.php?rest_route=\/wp\/v2\/types\/page"}],"author":[{"embeddable":true,"href":"https:\/\/www.nedroloc.com\/index.php?rest_route=\/wp\/v2\/users\/1"}],"replies":[{"embeddable":true,"href":"https:\/\/www.nedroloc.com\/index.php?rest_route=%2Fwp%2Fv2%2Fcomments&post=443"}],"version-history":[{"count":45,"href":"https:\/\/www.nedroloc.com\/index.php?rest_route=\/wp\/v2\/pages\/443\/revisions"}],"predecessor-version":[{"id":852,"href":"https:\/\/www.nedroloc.com\/index.php?rest_route=\/wp\/v2\/pages\/443\/revisions\/852"}],"wp:attachment":[{"href":"https:\/\/www.nedroloc.com\/index.php?rest_route=%2Fwp%2Fv2%2Fmedia&parent=443"}],"curies":[{"name":"wp","href":"https:\/\/api.w.org\/{rel}","templated":true}]}}